{"id":2,"date":"2020-12-07T19:22:38","date_gmt":"2020-12-07T19:22:38","guid":{"rendered":"https:\/\/tiremoni.app\/?page_id=2"},"modified":"2020-12-07T19:22:38","modified_gmt":"2020-12-07T19:22:38","slug":"sample-page","status":"publish","type":"page","link":"https:\/\/tiremoni.app\/da\/sample-page\/","title":{"rendered":"Pr\u00f8veside"},"content":{"rendered":"<p>Dette er en eksempelside. Det adskiller sig fra et blogindl\u00e6g, fordi det forbliver \u00e9t sted og vises i navigationen p\u00e5 dit websted (i de fleste temaer). De fleste starter med en Om-side, der pr\u00e6senterer dem for potentielle bes\u00f8gende p\u00e5 webstedet. Det kunne sige noget i retning af f\u00f8lgende:<\/p>\n\n\n\n<blockquote class=\"wp-block-quote is-layout-flow wp-block-quote-is-layout-flow\"><p>Hejsa! Jeg er cykelbud om dagen, h\u00e5befuld skuespiller om natten, og dette er mit websted. Jeg bor i Los Angeles, har en fantastisk hund ved navn Jack og kan lide pi\u00f1a coladas. (Og at blive fanget i regnen.)<\/p><\/blockquote>\n\n\n\n<p>...eller noget i den retning:<\/p>\n\n\n\n<blockquote class=\"wp-block-quote is-layout-flow wp-block-quote-is-layout-flow\"><p>XYZ Doohickey Company blev grundlagt i 1971 og har leveret kvalitets-dohickeys til offentligheden lige siden. XYZ ligger i Gotham City og besk\u00e6ftiger over 2.000 medarbejdere og g\u00f8r alle mulige fantastiske ting for Gotham-samfundet.<\/p><\/blockquote>\n\n\n\n<p>Som ny WordPress-bruger skal du g\u00e5 til <a href=\"https:\/\/tiremoni.app\/wp-admin\/\">dit instrumentbr\u00e6t<\/a> for at slette denne side og oprette nye sider til dit indhold. Hyg dig!<\/p>","protected":false},"excerpt":{"rendered":"<p>This is an example page. It&#8217;s different from a blog post because it will stay in one place and will show up in your site navigation (in most themes). Most people start with an About page that introduces them to potential site visitors. It might say something like this: Hi there! I&#8217;m a bike messenger [&hellip;]<\/p>\n","protected":false},"author":1,"featured_media":0,"parent":0,"menu_order":0,"comment_status":"closed","ping_status":"closed","template":"","meta":{"footnotes":""},"class_list":["post-2","page","type-page","status-publish","hentry","post-wrapper","thrv_wrapper"],"_links":{"self":[{"href":"https:\/\/tiremoni.app\/da\/wp-json\/wp\/v2\/pages\/2","targetHints":{"allow":["GET"]}}],"collection":[{"href":"https:\/\/tiremoni.app\/da\/wp-json\/wp\/v2\/pages"}],"about":[{"href":"https:\/\/tiremoni.app\/da\/wp-json\/wp\/v2\/types\/page"}],"author":[{"embeddable":true,"href":"https:\/\/tiremoni.app\/da\/wp-json\/wp\/v2\/users\/1"}],"replies":[{"embeddable":true,"href":"https:\/\/tiremoni.app\/da\/wp-json\/wp\/v2\/comments?post=2"}],"version-history":[{"count":0,"href":"https:\/\/tiremoni.app\/da\/wp-json\/wp\/v2\/pages\/2\/revisions"}],"wp:attachment":[{"href":"https:\/\/tiremoni.app\/da\/wp-json\/wp\/v2\/media?parent=2"}],"curies":[{"name":"wp","href":"https:\/\/api.w.org\/{rel}","templated":true}]}}