{"id":3,"date":"2020-12-07T19:22:38","date_gmt":"2020-12-07T19:22:38","guid":{"rendered":"https:\/\/tiremoni.app\/?page_id=3"},"modified":"2022-07-25T09:57:19","modified_gmt":"2022-07-25T09:57:19","slug":"app-datenschutzerklaerung","status":"publish","type":"page","link":"https:\/\/tiremoni.app\/da\/app-datenschutzerklaerung\/","title":{"rendered":"TireMoni BLE tpms App Fortrolighedspolitik"},"content":{"rendered":"<p><strong>Politik om beskyttelse af personlige oplysninger<\/strong><br>tpm GmbH har oprettet TireMoni BLE tpms-appen (\"Applikation\") som en gratis app. Denne applikation leveres gratis af tpm GmbH og er beregnet til brug i kombination med TireMoni BLE tpms-hardwaren (BLE-dongle og sensorer).<\/p>\n\n\n\n<p>Denne side bruges til at informere bes\u00f8gende om vores politikker for indsamling, brug og videregivelse af personlige oplysninger i tilf\u00e6lde af, at en person har valgt at bruge vores applikation.<\/p>\n\n\n\n<p>Ved at bruge vores applikation giver du dit samtykke til indsamling og brug af oplysninger i forbindelse med denne politik. De personlige oplysninger, som vi indsamler, bruges til at levere og forbedre applikationen. Vi vil ikke bruge eller videregive dine oplysninger til tredjeparter, undtagen som beskrevet i denne fortrolighedspolitik.<\/p>\n\n\n\n<p><strong>Indsamling og anvendelse af oplysninger<\/strong><br>Mens du bruger vores applikation, beh\u00f8ver du ikke at give os nogen personlige oplysninger.<\/p>\n\n\n\n<p>Appen bruger tjenester fra tredjeparter, som kan indsamle oplysninger, der bruges til at identificere dig.<br>- <a href=\"https:\/\/www.google.com\/policies\/privacy\/\" target=\"_blank\" rel=\"noreferrer noopener\">Google Play-tjenester<\/a><\/p>\n\n\n\n<p><strong>Logdata<\/strong><br>Mange apps indsamler data og oplysninger (om produkter fra tredjeparter) p\u00e5 din telefon, som kaldes logdata i tilf\u00e6lde af en fejl i appen. Disse logdata kan omfatte oplysninger som f.eks. din enheds Internet Protocol (\"IP\")-adresse, enhedsnavn, operativsystemversion, app-konfiguration, n\u00e5r du bruger vores app, tidspunkt og dato for brug af appen og andre statistikker. Denne app indsamler ikke s\u00e5danne logdata.<\/p>\n\n\n\n<p><strong>Cookies<\/strong><br>Cookies er filer med en lille m\u00e6ngde data, der normalt bruges som anonyme unikke identifikatorer. De sendes til din browser af de websteder, du bes\u00f8ger, og gemmes i din enheds interne hukommelse.<br>Denne applikation bruger ikke disse \"cookies\".<\/p>\n\n\n\n<p><strong>Tjenesteudbyder<\/strong><br>Vi kan ans\u00e6tte tredjepartsvirksomheder og enkeltpersoner af f\u00f8lgende \u00e5rsager:<br>- For at forbedre vores applikation;<br>- Til at levere ans\u00f8gningen p\u00e5 vores vegne;<br>- til at udf\u00f8re applikationsrelaterede tjenester, eller<br>- For at hj\u00e6lpe os med at analysere brugen af vores applikation.<br>Vi vil gerne informere brugerne af denne applikation om, at disse tredjeparter kan have adgang til personlige data. \u00c5rsagen er, at de skal udf\u00f8re de opgaver, de har f\u00e5et tildelt p\u00e5 vores vegne. De er dog forpligtet til ikke at dele eller bruge oplysningerne til andre form\u00e5l.<\/p>\n\n\n\n<p><strong>Links til andre websteder<\/strong><br>Denne ans\u00f8gning indeholder links til vores st\u00f8ttewebsteder og oplysninger. N\u00e5r du klikker p\u00e5 et link, bliver du sendt videre til disse websteder og oplysninger. Bem\u00e6rk venligst, at disse eksterne websteder drives af os for at lette og st\u00f8tte din brug af denne applikation. Vi opfordrer dig dog til at l\u00e6se disse websteders politik om beskyttelse af personlige oplysninger. Den kan indeholde vilk\u00e5r, der afviger fra dette dokument.<\/p>\n\n\n\n<p><strong>Beskyttelse af oplysninger om b\u00f8rn<br><\/strong>Disse apps er ikke beregnet til personer under 13 \u00e5r. Vi indsamler ikke bevidst personlige oplysninger fra b\u00f8rn under 13 \u00e5r. Hvis vi opdager, at et barn under 13 \u00e5r har givet os personlige oplysninger, sletter vi dem straks fra vores servere. Hvis du er for\u00e6lder eller v\u00e6rge og ved, at dit barn har givet os personlige oplysninger, bedes du kontakte os, s\u00e5 vi kan tr\u00e6ffe passende foranstaltninger.<\/p>\n\n\n\n<p><strong>\u00c6ndringer af denne politik om beskyttelse af personlige oplysninger<br><\/strong>Vi kan opdatere vores fortrolighedspolitik fra tid til anden. Du anbefales derfor at tjekke denne side regelm\u00e6ssigt for at se eventuelle \u00e6ndringer. Vi vil underrette dig om eventuelle \u00e6ndringer ved at offentligg\u00f8re den nye fortrolighedspolitik p\u00e5 denne side.<br>Dette direktiv finder anvendelse fra den 25.07.2022<\/p>\n\n\n\n<p><strong>Kontaktmulighed<\/strong><br>Hvis du har sp\u00f8rgsm\u00e5l eller forslag vedr\u00f8rende vores politik om beskyttelse af personlige oplysninger, er du velkommen til at kontakte os p\u00e5 support@tpm-systems.com.<\/p>","protected":false},"excerpt":{"rendered":"<p>Datenschutz-BestimmungenDie tpm GmbH hat die TireMoni BLE tpms App (\u201eApplication\u201c) als kostenlose App erstellt. Diese Anwendung wird von der tpm GmbH kostenlos zur Verf\u00fcgung gestellt und ist f\u00fcr die Verwendung in Kombination mit der TireMoni BLE tpms-Hardware (BLE-Dongle und Sensoren) vorgesehen. Diese Seite wird verwendet, um Besucher \u00fcber unsere Richtlinien zur Erfassung, Verwendung und Offenlegung [&hellip;]<\/p>\n","protected":false},"author":1,"featured_media":0,"parent":0,"menu_order":0,"comment_status":"closed","ping_status":"closed","template":"","meta":{"footnotes":"","tve_updated_post":"","tve_custom_css":"","tve_user_custom_css":"","tve_globals":{},"tcb2_ready":0,"tcb_editor_enabled":0,"tve_landing_page":"","_tve_header":"","_tve_footer":""},"class_list":["post-3","page","type-page","status-publish","hentry","post-wrapper","thrv_wrapper"],"_links":{"self":[{"href":"https:\/\/tiremoni.app\/da\/wp-json\/wp\/v2\/pages\/3","targetHints":{"allow":["GET"]}}],"collection":[{"href":"https:\/\/tiremoni.app\/da\/wp-json\/wp\/v2\/pages"}],"about":[{"href":"https:\/\/tiremoni.app\/da\/wp-json\/wp\/v2\/types\/page"}],"author":[{"embeddable":true,"href":"https:\/\/tiremoni.app\/da\/wp-json\/wp\/v2\/users\/1"}],"replies":[{"embeddable":true,"href":"https:\/\/tiremoni.app\/da\/wp-json\/wp\/v2\/comments?post=3"}],"version-history":[{"count":6,"href":"https:\/\/tiremoni.app\/da\/wp-json\/wp\/v2\/pages\/3\/revisions"}],"predecessor-version":[{"id":754,"href":"https:\/\/tiremoni.app\/da\/wp-json\/wp\/v2\/pages\/3\/revisions\/754"}],"wp:attachment":[{"href":"https:\/\/tiremoni.app\/da\/wp-json\/wp\/v2\/media?parent=3"}],"curies":[{"name":"wp","href":"https:\/\/api.w.org\/{rel}","templated":true}]}}