{"id":3,"date":"2020-12-07T19:22:38","date_gmt":"2020-12-07T19:22:38","guid":{"rendered":"https:\/\/tiremoni.app\/?page_id=3"},"modified":"2022-07-25T09:57:19","modified_gmt":"2022-07-25T09:57:19","slug":"app-datenschutzerklaerung","status":"publish","type":"page","link":"https:\/\/tiremoni.app\/fr\/app-datenschutzerklaerung\/","title":{"rendered":"TireMoni BLE tpms App D\u00e9claration de confidentialit\u00e9"},"content":{"rendered":"<p><strong>Dispositions relatives \u00e0 la protection des donn\u00e9es<\/strong><br>La soci\u00e9t\u00e9 tpm GmbH a cr\u00e9\u00e9 l'application TireMoni BLE tpms (\"Application\") en tant qu'application gratuite. Cette application est mise \u00e0 disposition gratuitement par tpm GmbH et est destin\u00e9e \u00e0 \u00eatre utilis\u00e9e en combinaison avec le mat\u00e9riel TireMoni BLE tpms (dongle BLE et capteurs).<\/p>\n\n\n\n<p>Cette page est utilis\u00e9e pour informer les visiteurs de notre politique de collecte, d'utilisation et de divulgation des donn\u00e9es personnelles si quelqu'un a choisi d'utiliser notre application.<\/p>\n\n\n\n<p>En utilisant notre application, vous acceptez la collecte et l'utilisation des informations relatives \u00e0 cette politique. Les informations personnelles que nous collectons sont utilis\u00e9es pour fournir et am\u00e9liorer l'application. Nous n'utiliserons pas vos informations et ne les partagerons pas avec des tiers, sauf comme d\u00e9crit dans la pr\u00e9sente politique de confidentialit\u00e9.<\/p>\n\n\n\n<p><strong>Collecte et utilisation des informations<\/strong><br>Lorsque vous utilisez notre application, vous ne devez pas nous fournir de donn\u00e9es personnelles.<\/p>\n\n\n\n<p>L'application utilise des services de tiers qui peuvent collecter des informations qui seront utilis\u00e9es pour vous identifier.<br>- <a href=\"https:\/\/www.google.com\/policies\/privacy\/\" target=\"_blank\" rel=\"noreferrer noopener\">Services Google Play<\/a><\/p>\n\n\n\n<p><strong>Donn\u00e9es log<\/strong><br>En cas d'erreur dans l'application, de nombreuses applications collectent des donn\u00e9es et des informations (sur des produits tiers) sur votre t\u00e9l\u00e9phone appel\u00e9es donn\u00e9es de journal. Ces donn\u00e9es de journal peuvent contenir des informations telles que l'adresse Internet Protocol (\"IP\") de votre appareil, le nom de l'appareil, la version du syst\u00e8me d'exploitation, la configuration de l'application lorsque vous utilisez notre application, l'heure et la date de votre utilisation de l'application et d'autres statistiques. Cette application ne collecte pas de telles donn\u00e9es de journal.<\/p>\n\n\n\n<p><strong>Cookies<\/strong><br>Les cookies sont des fichiers contenant une petite quantit\u00e9 de donn\u00e9es, g\u00e9n\u00e9ralement utilis\u00e9s comme identifiants anonymes uniques. Ils sont envoy\u00e9s \u00e0 votre navigateur par les sites que vous visitez et sont stock\u00e9s dans la m\u00e9moire interne de votre appareil.<br>Cette application n'utilise pas ces \"cookies\".<\/p>\n\n\n\n<p><strong>Prestataire de services<\/strong><br>Nous pouvons employer des entreprises tierces et des individus pour les raisons suivantes :<br>- Pour am\u00e9liorer notre application ;<br>- Pour fournir l'application en notre nom ;<br>- pour ex\u00e9cuter des services li\u00e9s \u00e0 l'application ; ou<br>- Pour nous aider \u00e0 analyser l'utilisation de notre application.<br>Nous souhaitons informer les utilisateurs de cette application que ces tiers peuvent avoir acc\u00e8s \u00e0 des donn\u00e9es \u00e0 caract\u00e8re personnel. La raison en est d'ex\u00e9cuter les t\u00e2ches qui leur sont confi\u00e9es en notre nom. Ils sont toutefois tenus de ne pas divulguer ou utiliser ces informations \u00e0 d'autres fins.<\/p>\n\n\n\n<p><strong>Liens vers d'autres sites web<\/strong><br>Cette application contient des liens vers nos sites d'assistance et des informations. Si vous cliquez sur un lien, vous serez redirig\u00e9 vers ces sites et informations. Notez que ces sites externes sont g\u00e9r\u00e9s par nos soins afin de faciliter et de soutenir l'utilisation de cette application. N\u00e9anmoins, nous vous recommandons de lire la politique de confidentialit\u00e9 de ces sites. Elle peut contenir des dispositions qui diff\u00e8rent de celles du pr\u00e9sent document.<\/p>\n\n\n\n<p><strong>Protection des donn\u00e9es des enfants<br><\/strong>Ces applications ne s'adressent pas aux personnes de moins de 13 ans. Nous ne collectons sciemment aucune donn\u00e9e personnelle d'enfants de moins de 13 ans. Si nous d\u00e9couvrons qu'un enfant de moins de 13 ans nous a fourni des donn\u00e9es personnelles, nous les supprimerons imm\u00e9diatement de nos serveurs. Si vous \u00eates un parent ou un tuteur et que vous savez que votre enfant nous a fourni des donn\u00e9es personnelles, veuillez nous contacter afin que nous puissions prendre les mesures n\u00e9cessaires.<\/p>\n\n\n\n<p><strong>Modifications de la pr\u00e9sente politique de confidentialit\u00e9<br><\/strong>Nous pouvons mettre \u00e0 jour notre politique de confidentialit\u00e9 de temps \u00e0 autre. Il est donc recommand\u00e9 de consulter r\u00e9guli\u00e8rement cette page pour voir si des modifications ont \u00e9t\u00e9 apport\u00e9es. Nous vous informerons de tout changement en publiant la nouvelle politique de confidentialit\u00e9 sur cette page.<br>La pr\u00e9sente directive s'applique \u00e0 partir du 25.07.2022.<\/p>\n\n\n\n<p><strong>Possibilit\u00e9 de contact<\/strong><br>Si vous avez des questions ou des suggestions concernant notre politique de confidentialit\u00e9, n'h\u00e9sitez pas \u00e0 nous contacter \u00e0 support@tpm-systems.com.<\/p>","protected":false},"excerpt":{"rendered":"<p>Datenschutz-BestimmungenDie tpm GmbH hat die TireMoni BLE tpms App (\u201eApplication\u201c) als kostenlose App erstellt. Diese Anwendung wird von der tpm GmbH kostenlos zur Verf\u00fcgung gestellt und ist f\u00fcr die Verwendung in Kombination mit der TireMoni BLE tpms-Hardware (BLE-Dongle und Sensoren) vorgesehen. Diese Seite wird verwendet, um Besucher \u00fcber unsere Richtlinien zur Erfassung, Verwendung und Offenlegung [&hellip;]<\/p>\n","protected":false},"author":1,"featured_media":0,"parent":0,"menu_order":0,"comment_status":"closed","ping_status":"closed","template":"","meta":{"footnotes":""},"class_list":["post-3","page","type-page","status-publish","hentry","post-wrapper","thrv_wrapper"],"_links":{"self":[{"href":"https:\/\/tiremoni.app\/fr\/wp-json\/wp\/v2\/pages\/3","targetHints":{"allow":["GET"]}}],"collection":[{"href":"https:\/\/tiremoni.app\/fr\/wp-json\/wp\/v2\/pages"}],"about":[{"href":"https:\/\/tiremoni.app\/fr\/wp-json\/wp\/v2\/types\/page"}],"author":[{"embeddable":true,"href":"https:\/\/tiremoni.app\/fr\/wp-json\/wp\/v2\/users\/1"}],"replies":[{"embeddable":true,"href":"https:\/\/tiremoni.app\/fr\/wp-json\/wp\/v2\/comments?post=3"}],"version-history":[{"count":6,"href":"https:\/\/tiremoni.app\/fr\/wp-json\/wp\/v2\/pages\/3\/revisions"}],"predecessor-version":[{"id":754,"href":"https:\/\/tiremoni.app\/fr\/wp-json\/wp\/v2\/pages\/3\/revisions\/754"}],"wp:attachment":[{"href":"https:\/\/tiremoni.app\/fr\/wp-json\/wp\/v2\/media?parent=3"}],"curies":[{"name":"wp","href":"https:\/\/api.w.org\/{rel}","templated":true}]}}