{"id":68,"date":"2020-12-08T09:06:25","date_gmt":"2020-12-08T09:06:25","guid":{"rendered":"https:\/\/tiremoni.app\/index.php\/clone-of-sample-page\/"},"modified":"2022-05-10T13:28:45","modified_gmt":"2022-05-10T13:28:45","slug":"clone-of-sample-page","status":"publish","type":"page","link":"https:\/\/tiremoni.app\/fr\/","title":{"rendered":"Lancement"},"content":{"rendered":"<h2 style=\"text-align: left;\">L'application TireMoni TPMS apporte la pression des pneus sur ton smartphone, ta tablette, ton r\u00e9cepteur de navigation, ...<\/h2>\n\n\n\n<\/p>\n<p><p>\n\n\n\n<h3 style=\"text-align: left;\">Convivialit\u00e9 du site<\/h3>\n<p>Produit \u00e0 monter soi-m\u00eame pour une installation rapide et facile qui parle votre langue.<\/p>\n<h3>Unique en son genre<\/h3>\n<p>Application exclusive au monde d\u00e9velopp\u00e9e pour Android et iOS pour contr\u00f4ler la pression et la temp\u00e9rature des pneus.<\/p>\n<h3>Pratique<\/h3>\n<p>Gr\u00e2ce \u00e0 la conception graphique, l'\u00e9tat des pneus peut \u00eatre saisi rapidement en un coup d'\u0153il.<\/p>\n<h2>Et c'est ainsi que votre smartphone devient un <strong>TireMoni<\/strong> Syst\u00e8me de contr\u00f4le de la pression des pneus :<\/h2>\n<p><strong>1<\/strong><\/p>\n<h2>T\u00e9l\u00e9chargez l'application TPMS TireMoni sur votre appareil.<\/h2>\n<p>L'application est disponible dans le <a href=\"https:\/\/play.google.com\/store\/apps\/details?id=com.tiremoni.tpms&amp;hl=de&amp;gl=US\" target=\"_blank\" style=\"outline: none;\" rel=\"noopener\">PlayStore<\/a> et dans le <a href=\"https:\/\/apps.apple.com\/de\/app\/tiremoni-ble-tpms\/id1481940109\" target=\"_blank\" style=\"outline: none;\" rel=\"noopener\">Appstore<\/a> est disponible en t\u00e9l\u00e9chargement gratuit.<\/p>\n<p>Vous pouvez \u00e9galement les tester sans capteurs.<\/p>\n<p><span style=\"width: 100%;\"><img decoding=\"async\" alt=\"\" width=\"385\" height=\"333\" title=\"STM-570-SxX-free\" data-id=\"393\" src=\"https:\/\/tiremoni.app\/wp-content\/uploads\/2021\/10\/STM-570-SxX-frei.png\" style=\"\" data-width=\"385\" data-height=\"333\" data-init-width=\"1000\" data-init-height=\"866\" ml-d=\"-1.86719\" mt-d=\"0\" center-h-d=\"false\" loading=\"lazy\" ml-m=\"-6\" center-h-m=\"false\"><\/span><span style=\"\"><img decoding=\"async\" alt=\"\" data-id=\"589\" width=\"158\" data-init-width=\"740\" height=\"158\" data-init-height=\"741\" title=\"qrplay\" loading=\"lazy\" src=\"https:\/\/tiremoni.app\/wp-content\/uploads\/2022\/03\/qrplay.png\" data-width=\"158\" data-height=\"158\" style=\"\" ml-d=\"0\" mt-d=\"-1.1875\" ml-m=\"0\" mt-m=\"0\"><\/span><span><img decoding=\"async\" alt=\"\" data-id=\"588\" width=\"158\" data-init-width=\"738\" height=\"157\" data-init-height=\"735\" title=\"qrapp\" loading=\"lazy\" src=\"https:\/\/tiremoni.app\/wp-content\/uploads\/2022\/03\/qrapp.png\" data-width=\"158\" data-height=\"157\" style=\"\"><\/span><\/p>\n<p><strong>2<\/strong><\/p>\n<h2>Connectez le dongle Bluetooth aux capteurs TireMoni.<\/h2>\n<p>Il suffit d'appuyer sur un bouton pour mettre le dongle en mode apprentissage, puis d'ins\u00e9rer les piles dans les capteurs. C'est fait.<\/p>\n<p><span style=\"width: 100%;\"><img decoding=\"async\" alt=\"STM-572-S4X\" width=\"235\" height=\"383\" title=\"STM-570-S4X\" data-id=\"390\" src=\"https:\/\/tiremoni.app\/wp-content\/uploads\/2021\/10\/STM-570-S4X.png\" style=\"\" data-width=\"235\" data-height=\"383\" data-init-width=\"800\" data-init-height=\"1300\" loading=\"lazy\" ml-d=\"-15.390999999999991\" mt-d=\"-0.5620000000000118\" center-h-d=\"false\"><\/span><\/p>\n<p><strong>3<\/strong><\/p>\n<h2>Visse les capteurs sur les valves.<\/h2>\n<p>Vous installez les capteurs en les vissant sur les valves au lieu des bouchons de valve.<\/p>\n<p><span style=\"width: 100%;\"><img decoding=\"async\" alt=\"\" width=\"537\" height=\"358\" title=\"chinmay-jade-XNN9C8MG4KM-unsplash\" data-id=\"407\" src=\"https:\/\/tiremoni.app\/wp-content\/uploads\/2021\/10\/chinmay-jade-XNN9C8MG4KM-unsplash.jpg\" style=\"\" data-width=\"537\" data-height=\"358\" data-init-width=\"640\" data-init-height=\"427\" ml-d=\"-162\" mt-d=\"0\" center-h-d=\"true\" loading=\"lazy\"><\/span><\/p>\n<p><strong>\"<\/strong><\/p>\n<h3 style=\"\">Voici ce que disent les utilisateurs de TireMoni :<\/h3>\n<p><span style=\"\"><img decoding=\"async\" alt=\"\" title=\"Doris-S-Mobil\" data-id=\"398\" src=\"https:\/\/tiremoni.app\/wp-content\/uploads\/2021\/10\/Doris-S-Mobil.png\" width=\"200\" height=\"199\" data-width=\"200\" data-height=\"199\" data-init-width=\"616\" data-init-height=\"614\" loading=\"lazy\" style=\"\" mt-d=\"-2\" ml-d=\"0\"><\/span><\/p>\n<p style=\"\"><strong>Doris S.<\/strong><\/p>\n<p>Nous l'avons depuis des ann\u00e9es. En Russie, il nous a avertis tr\u00e8s t\u00f4t qu'un pneu perdait de l'air. Plus jamais sans...<\/p>\n<\/p>\n<p><span style=\"\"><img decoding=\"async\" alt=\"\" title=\"Thomas B.\" data-id=\"400\" src=\"https:\/\/tiremoni.app\/wp-content\/uploads\/2021\/10\/Bildschirmfoto-2021-10-26-um-08.46.47.png\" width=\"230\" height=\"198\" data-width=\"230\" data-height=\"198\" data-init-width=\"680\" data-init-height=\"586\" style=\"\" loading=\"lazy\" mt-d=\"0\" ml-d=\"-2\"><\/span><\/p>\n<p style=\"\"><strong>Thomas B.<\/strong><\/p>\n<p>Sauv\u00e9 ! Merci !<\/p>\n<p>Survenu lors d'un voyage de vacances dans le sud de la France!Voir annexe (photo).<\/p>\n<\/p>\n<p><span style=\"\"><img decoding=\"async\" alt=\"\" title=\"Capture d&#039;\u00e9cran 2021-10-26 \u00e0 08.56.17\" data-id=\"401\" src=\"https:\/\/tiremoni.app\/wp-content\/uploads\/2021\/10\/Bildschirmfoto-2021-10-26-um-08.56.17.png\" width=\"220\" height=\"198\" data-width=\"220\" data-height=\"198\" data-init-width=\"798\" data-init-height=\"720\" style=\"\" loading=\"lazy\" mt-d=\"0\" ml-d=\"-20\"><\/span><\/p>\n<p style=\"\">Jens H.<\/p>\n<p>Sur ... les autoroutes, il y a de temps en temps des pirates. ... un pr\u00e9tendu d\u00e9faut sur un pneu... En jetant un coup d'\u0153il sur le TireMoni, on peut ... continuer \u00e0 rouler sans se laisser impressionner.<\/p>\n<p><a href=\"https:\/\/shop.tiremoni.com\/fr\/systemes-de-surveillance-de-la-pression-des-pneus\/smartphone-sspp\" target=\"_blank\" rel=\"noopener\"><\/a><\/p>","protected":false},"excerpt":{"rendered":"<p>Die TireMoni TPMS-App bringt den Reifendruck auf Dein Smartphone, Tablet, Naviceiver, &#8230; Bedienerfreundlich Do-it-yourself Produkt f\u00fcr schnelle und einfache Installation, das Deine Sprache spricht. Einzigartig Weltweit exklusive App, entwickelt f\u00fcr Android und iOS zur Kontrolle von Reifendruck und Temperatur. Praktisch Durch die grafische Gestaltung sind die Reifen-Zust\u00e4nde mit einem Blick schnell zu erfassen. Und so [&hellip;]<\/p>\n","protected":false},"author":1,"featured_media":0,"parent":0,"menu_order":0,"comment_status":"closed","ping_status":"closed","template":"","meta":{"footnotes":""},"class_list":["post-68","page","type-page","status-publish","hentry","post-wrapper","thrv_wrapper"],"_links":{"self":[{"href":"https:\/\/tiremoni.app\/fr\/wp-json\/wp\/v2\/pages\/68","targetHints":{"allow":["GET"]}}],"collection":[{"href":"https:\/\/tiremoni.app\/fr\/wp-json\/wp\/v2\/pages"}],"about":[{"href":"https:\/\/tiremoni.app\/fr\/wp-json\/wp\/v2\/types\/page"}],"author":[{"embeddable":true,"href":"https:\/\/tiremoni.app\/fr\/wp-json\/wp\/v2\/users\/1"}],"replies":[{"embeddable":true,"href":"https:\/\/tiremoni.app\/fr\/wp-json\/wp\/v2\/comments?post=68"}],"version-history":[{"count":89,"href":"https:\/\/tiremoni.app\/fr\/wp-json\/wp\/v2\/pages\/68\/revisions"}],"predecessor-version":[{"id":631,"href":"https:\/\/tiremoni.app\/fr\/wp-json\/wp\/v2\/pages\/68\/revisions\/631"}],"wp:attachment":[{"href":"https:\/\/tiremoni.app\/fr\/wp-json\/wp\/v2\/media?parent=68"}],"curies":[{"name":"wp","href":"https:\/\/api.w.org\/{rel}","templated":true}]}}