{"id":3,"date":"2020-12-07T19:22:38","date_gmt":"2020-12-07T19:22:38","guid":{"rendered":"https:\/\/tiremoni.app\/?page_id=3"},"modified":"2022-07-25T09:57:19","modified_gmt":"2022-07-25T09:57:19","slug":"app-datenschutzerklaerung","status":"publish","type":"page","link":"https:\/\/tiremoni.app\/it\/app-datenschutzerklaerung\/","title":{"rendered":"Informativa sulla privacy dell'app TireMoni BLE tpms"},"content":{"rendered":"<p><strong>Normativa sulla protezione dei dati<\/strong><br>tpm GmbH ha creato l'applicazione TireMoni BLE tpms (\"Applicazione\") come applicazione gratuita. Questa applicazione \u00e8 fornita gratuitamente da tpm GmbH ed \u00e8 destinata all'uso in combinazione con l'hardware TireMoni BLE tpms (dongle BLE e sensori).<\/p>\n\n\n\n<p>Questa pagina viene utilizzata per informare i visitatori delle nostre politiche relative alla raccolta, all'utilizzo e alla divulgazione di informazioni personali nel caso in cui si scelga di utilizzare la nostra applicazione.<\/p>\n\n\n\n<p>Utilizzando la nostra applicazione, l'utente acconsente alla raccolta e all'utilizzo delle informazioni in relazione a questa politica. Le informazioni personali raccolte vengono utilizzate per fornire e migliorare l'applicazione. Non utilizzeremo o condivideremo le informazioni dell'utente con terze parti, ad eccezione di quanto descritto nella presente Informativa sulla privacy.<\/p>\n\n\n\n<p><strong>Raccolta e utilizzo delle informazioni<\/strong><br>Durante l'utilizzo della nostra applicazione, l'utente non deve fornirci alcun dato personale.<\/p>\n\n\n\n<p>L'applicazione utilizza servizi di terze parti che possono raccogliere informazioni utilizzate per identificare l'utente.<br>- <a href=\"https:\/\/www.google.com\/policies\/privacy\/\" target=\"_blank\" rel=\"noreferrer noopener\">Servizi Google Play<\/a><\/p>\n\n\n\n<p><strong>Dati di log<\/strong><br>Molte applicazioni raccolgono dati e informazioni (tramite prodotti di terze parti) sul telefono dell'utente, chiamati dati di log, in caso di errore nell'applicazione. Questi dati di log possono includere informazioni quali l'indirizzo Internet Protocol (\"IP\") del vostro dispositivo, il nome del dispositivo, la versione del sistema operativo, la configurazione dell'applicazione quando utilizzate la nostra applicazione, l'ora e la data del vostro utilizzo dell'applicazione e altre statistiche. Questa applicazione non raccoglie tali dati di log.<\/p>\n\n\n\n<p><strong>Biscotti<\/strong><br>I cookie sono file contenenti una piccola quantit\u00e0 di dati, solitamente utilizzati come identificatori unici anonimi. Vengono inviati al vostro browser dai siti web che visitate e memorizzati nella memoria interna del vostro dispositivo.<br>Questa applicazione non utilizza questi \"cookie\".<\/p>\n\n\n\n<p><strong>Fornitore di servizi<\/strong><br>Possiamo impiegare societ\u00e0 e persone terze per i seguenti motivi:<br>- Per migliorare la nostra applicazione;<br>- Per fornire l'applicazione per nostro conto;<br>- Per eseguire servizi legati all'applicazione; oppure<br>- Per aiutarci ad analizzare l'uso della nostra applicazione.<br>Desideriamo informare gli utenti di questa applicazione che queste terze parti possono avere accesso ai dati personali. Il motivo \u00e8 quello di svolgere i compiti loro assegnati per nostro conto. Tuttavia, essi sono tenuti a non trasmettere o utilizzare le informazioni per altri scopi.<\/p>\n\n\n\n<p><strong>Link ad altri siti web<\/strong><br>Questa applicazione contiene link a siti web e informazioni di supporto. Se si fa clic su un link, si viene reindirizzati a tali siti e informazioni. Si prega di notare che questi siti web esterni sono gestiti da noi per facilitare e supportare l'uso di questa applicazione. Tuttavia, si consiglia di leggere l'informativa sulla privacy di questi siti web. Esse potrebbero contenere disposizioni diverse dal presente documento.<\/p>\n\n\n\n<p><strong>Protezione dei dati per i bambini<br><\/strong>Queste applicazioni non sono destinate a persone di et\u00e0 inferiore ai 13 anni. Non raccogliamo consapevolmente informazioni personali da bambini di et\u00e0 inferiore ai 13 anni. Se veniamo a conoscenza che un bambino di et\u00e0 inferiore ai 13 anni ci ha fornito informazioni personali, cancelleremo immediatamente tali informazioni dai nostri server. Se siete un genitore o un tutore e siete a conoscenza del fatto che vostro figlio ci ha fornito informazioni personali, vi preghiamo di contattarci in modo che possiamo prendere i provvedimenti del caso.<\/p>\n\n\n\n<p><strong>Modifiche alla presente informativa sulla privacy<br><\/strong>La nostra politica sulla privacy pu\u00f2 essere aggiornata di tanto in tanto. Si raccomanda pertanto di controllare regolarmente questa pagina per verificare eventuali modifiche. Vi informeremo di eventuali modifiche pubblicando la nuova informativa sulla privacy su questa pagina.<br>Questa direttiva si applica dal 25\/07\/2022<\/p>\n\n\n\n<p><strong>Possibilit\u00e0 di contatto<\/strong><br>Per qualsiasi domanda o suggerimento in merito alla nostra politica sulla privacy, non esitate a contattarci all'indirizzo support@tpm-systems.com.<\/p>","protected":false},"excerpt":{"rendered":"<p>Datenschutz-BestimmungenDie tpm GmbH hat die TireMoni BLE tpms App (\u201eApplication\u201c) als kostenlose App erstellt. Diese Anwendung wird von der tpm GmbH kostenlos zur Verf\u00fcgung gestellt und ist f\u00fcr die Verwendung in Kombination mit der TireMoni BLE tpms-Hardware (BLE-Dongle und Sensoren) vorgesehen. Diese Seite wird verwendet, um Besucher \u00fcber unsere Richtlinien zur Erfassung, Verwendung und Offenlegung [&hellip;]<\/p>\n","protected":false},"author":1,"featured_media":0,"parent":0,"menu_order":0,"comment_status":"closed","ping_status":"closed","template":"","meta":{"footnotes":""},"class_list":["post-3","page","type-page","status-publish","hentry","post-wrapper","thrv_wrapper"],"_links":{"self":[{"href":"https:\/\/tiremoni.app\/it\/wp-json\/wp\/v2\/pages\/3","targetHints":{"allow":["GET"]}}],"collection":[{"href":"https:\/\/tiremoni.app\/it\/wp-json\/wp\/v2\/pages"}],"about":[{"href":"https:\/\/tiremoni.app\/it\/wp-json\/wp\/v2\/types\/page"}],"author":[{"embeddable":true,"href":"https:\/\/tiremoni.app\/it\/wp-json\/wp\/v2\/users\/1"}],"replies":[{"embeddable":true,"href":"https:\/\/tiremoni.app\/it\/wp-json\/wp\/v2\/comments?post=3"}],"version-history":[{"count":6,"href":"https:\/\/tiremoni.app\/it\/wp-json\/wp\/v2\/pages\/3\/revisions"}],"predecessor-version":[{"id":754,"href":"https:\/\/tiremoni.app\/it\/wp-json\/wp\/v2\/pages\/3\/revisions\/754"}],"wp:attachment":[{"href":"https:\/\/tiremoni.app\/it\/wp-json\/wp\/v2\/media?parent=3"}],"curies":[{"name":"wp","href":"https:\/\/api.w.org\/{rel}","templated":true}]}}